{"id":339,"date":"2021-03-01T13:45:08","date_gmt":"2021-03-01T18:45:08","guid":{"rendered":"http:\/\/ecolelacite.com\/?page_id=339"},"modified":"2021-05-04T14:43:42","modified_gmt":"2021-05-04T18:43:42","slug":"training","status":"publish","type":"page","link":"https:\/\/ecolelacite.com\/en\/training\/","title":{"rendered":"Training"},"content":{"rendered":"<div class=\"wpb-content-wrapper\"><p>[vc_row type=&#8221;in_grid&#8221; el_class=&#8221;for_partie1&#8243;][vc_column][vc_column_text]<\/p>\n<p style=\"margin-top: 100px; margin-bottom: 50px;\"><strong>\u00c9cole de langues La Cit\u00e9 has been offering language training in both of Canada\u2019s official languages for 40 years. We provide language training to employees of federal and provincial governments, Crown corporations and private companies.<\/strong><\/p>\n<p>[\/vc_column_text][vc_row_inner type=&#8221;full_width&#8221;][vc_column_inner el_class=&#8221;pLeft&#8221; width=&#8221;1\/2&#8243;][vc_column_text]With the dual objective of improving personal skills and obtaining or renewing a language profile assigned by the Public Service Commission, we mainly use the <em>Programme de fran\u00e7ais langue seconde<\/em> (PFL2) levels A, B and C for training in French and the Communicative English at Work Program (CEWP) A-B (Interface Canada) and C (Interaction Canada) for training in English.[\/vc_column_text][\/vc_column_inner][vc_column_inner el_class=&#8221;pRight&#8221; width=&#8221;1\/2&#8243;][vc_column_text]<\/p>\n<p style=\"margin-left: 100px;\">If your organization has developed its own program, our experienced teachers will adapt to your professional reality. We can also suggest alternative methods to ensure that all your needs are met.<\/p>\n<p>[\/vc_column_text][\/vc_column_inner][\/vc_row_inner][\/vc_column][\/vc_row][vc_row type=&#8221;in_grid&#8221; el_class=&#8221;for-formation&#8221;][vc_column width=&#8221;1\/3&#8243; css=&#8221;.vc_custom_1613677395023{background-color: #30363b !important;}&#8221;][vc_column_text]<\/p>\n<h1 style=\"text-align: center;\">Group Training<\/h1>\n<h5 class=\"fas fa-long-arrow-alt-down\" style=\"text-align: center;\"><\/h5>\n<p><a class=\"over-anchor\" href=\"#for-groupe\">groupe<\/a>[\/vc_column_text][\/vc_column][vc_column width=&#8221;1\/3&#8243; css=&#8221;.vc_custom_1613677414258{background-color: #4f5a63 !important;}&#8221;][vc_column_text]<\/p>\n<h1 style=\"text-align: center;\">Individual Training<\/h1>\n<h5 class=\"fas fa-long-arrow-alt-down\" style=\"text-align: center;\"><\/h5>\n<p><a class=\"over-anchor\" href=\"#for-ind\">individuel<\/a>[\/vc_column_text][\/vc_column][vc_column width=&#8221;1\/3&#8243; css=&#8221;.vc_custom_1613677426979{background-color: #6d767d !important;}&#8221;][vc_column_text]<\/p>\n<h1 style=\"text-align: center;\">Online Training<\/h1>\n<h5 class=\"fas fa-long-arrow-alt-down\" style=\"text-align: center;\"><\/h5>\n<p><a class=\"over-anchor\" href=\"#for-enligne\">en ligne<\/a>[\/vc_column_text][\/vc_column][\/vc_row][vc_row type=&#8221;in_grid&#8221; el_class=&#8221;for-groupe for-groupe1&#8243; css=&#8221;.vc_custom_1614280813214{background-color: #ebf0f4 !important;}&#8221; el_id=&#8221;for-groupe&#8221;][vc_column][vc_single_image image=&#8221;135&#8243; img_size=&#8221;full&#8221; alignment=&#8221;center&#8221; el_class=&#8221;for-groupe-img&#8221;][vc_column_text el_class=&#8221;redline&#8221; el_id=&#8221;for-groupe1&#8243;]<\/p>\n<h5><strong>Group<\/strong> Training<\/h5>\n<p>[\/vc_column_text][vc_row_inner type=&#8221;full_width&#8221;][vc_column_inner el_class=&#8221;pLeft&#8221; width=&#8221;1\/2&#8243;][vc_column_text]To maintain a reasonable speaking time for each learner, we create groups of 2 to 10 learners. This training can be offered on a full-time or part-time basis depending on learner availability as well as the objectives defined by the organization and by the learners themselves. Group training can be provided in our offices in Ottawa, Montreal, and Toronto, in major Canadian cities or on your premises.<br \/>\n[\/vc_column_text][\/vc_column_inner][vc_column_inner el_class=&#8221;pRight&#8221; width=&#8221;1\/2&#8243;][vc_column_text el_id=&#8221;pRight&#8221;]<\/p>\n<p style=\"margin-left: 100px;\">Using a placement test system, we create homogeneous groups to maximize your chances of success.<\/p>\n<p>[\/vc_column_text][vc_column_text]<\/p>\n<p style=\"margin-left: 100px;\">The duration of the training is established according to the starting level as well as the linguistic objective to be reached.<\/p>\n<p>[\/vc_column_text][\/vc_column_inner][\/vc_row_inner][\/vc_column][\/vc_row][vc_row type=&#8221;in_grid&#8221; el_class=&#8221;for-groupe for-groupe-ind&#8221; el_id=&#8221;for-ind&#8221;][vc_column][vc_single_image image=&#8221;133&#8243; img_size=&#8221;full&#8221; alignment=&#8221;center&#8221; el_class=&#8221;for-groupe-img for-groupe-img-ind&#8221;][vc_column_text el_class=&#8221;redline&#8221;]<\/p>\n<h5><strong>Individual<\/strong> Training<\/h5>\n<p>[\/vc_column_text][vc_row_inner type=&#8221;full_width&#8221;][vc_column_inner el_class=&#8221;pLeft&#8221; width=&#8221;1\/2&#8243;][vc_column_text]Individual training is tailored to the specific needs of each learner. This can mean a full-time or part-time schedule, with a single teacher or a team of teachers. Supported by a pedagogical advisor, our teachers consider their learners\u2019 workplace needs, their personal needs, their second-language skills, and their learning pace to set up a personalized program to maximize their chances of success.[\/vc_column_text][vc_column_text]Individual training can take place in our offices in Ottawa, Montreal and Toronto, in major Canadian cities or on your premises.[\/vc_column_text][\/vc_column_inner][vc_column_inner el_class=&#8221;pRight&#8221; width=&#8221;1\/2&#8243;][vc_column_text]<\/p>\n<p style=\"margin-left: 100px;\"><strong>The duration of your training will depend on :<\/strong><\/p>\n<p>[\/vc_column_text][vc_column_text]<\/p>\n<ul style=\"margin-left: 100px;\">\n<li>your current skills,<\/li>\n<li>the time you can allocate to your training,<\/li>\n<li>how much risk you are willing to take in order to learn,<\/li>\n<li>your ability to practice your second language outside the classroom, and<\/li>\n<li>your motivation and commitment to your learning.<\/li>\n<\/ul>\n<p>[\/vc_column_text][vc_column_text]<\/p>\n<p style=\"margin-left: 100px;\">We assess all new candidates to determine the best entry point into the program.<\/p>\n<p>[\/vc_column_text][\/vc_column_inner][\/vc_row_inner][\/vc_column][\/vc_row][vc_row type=&#8221;in_grid&#8221; el_class=&#8221;for-groupe for-groupe-enligne&#8221; css=&#8221;.vc_custom_1614032883046{background-color: #ebf0f4 !important;}&#8221; el_id=&#8221;for-enligne&#8221;][vc_column][vc_single_image image=&#8221;134&#8243; img_size=&#8221;full&#8221; alignment=&#8221;center&#8221; el_class=&#8221;for-groupe-img&#8221;][vc_column_text el_class=&#8221;redline&#8221;]<\/p>\n<h5><strong>Online\u00a0<\/strong>Training<\/h5>\n<p>[\/vc_column_text][vc_row_inner type=&#8221;full_width&#8221;][vc_column_inner el_class=&#8221;pLeft&#8221; width=&#8221;1\/2&#8243;][vc_column_text]We offer Individual and Group training online to continue to meet the changing needs of our clients. This allows us to accept training requests from across Canada. We have libraries of virtual resources adapted to the different language teaching programs we use.[\/vc_column_text][\/vc_column_inner][vc_column_inner el_class=&#8221;pRight&#8221; width=&#8221;1\/2&#8243;][vc_column_text]<\/p>\n<p style=\"margin-left: 100px;\">Our teams are trained for using online platforms such as Zoom and\/or Microsoft Teams and can adapt to other platforms to meet the requirements of each company or department.<\/p>\n<p>[\/vc_column_text][\/vc_column_inner][\/vc_row_inner][\/vc_column][\/vc_row][vc_row type=&#8221;in_grid&#8221; el_class=&#8221;for-groupe for-groupe-classement&#8221; css=&#8221;.vc_custom_1613687905945{background: #ebf0f4 url(http:\/\/ecolelacite.com\/wp-content\/uploads\/2021\/02\/for_image4.png?id=136) !important;}&#8221;][vc_column][vc_column_text el_class=&#8221;redline&#8221;]<\/p>\n<h5><strong>Placement<\/strong> Tests<\/h5>\n<p>[\/vc_column_text][vc_column_text]Our placement process is based on the CEWP and PFL2 competency criteria. There are two stages:[\/vc_column_text][vc_row_inner type=&#8221;full_width&#8221;][vc_column_inner el_class=&#8221;pLeft&#8221; width=&#8221;1\/2&#8243;][vc_column_text]<\/p>\n<ul>\n<li>A speaking placement test in the form of a 10-to-50-minute interactive interview in person, over the phone or by videoconference. This is used to establish an entry point into the program.<\/li>\n<\/ul>\n<p>[\/vc_column_text][\/vc_column_inner][vc_column_inner el_class=&#8221;pRight&#8221; width=&#8221;1\/2&#8243;][vc_column_text]<\/p>\n<ul style=\"margin-left: 100px;\">\n<li>A written placement test (multiple choice) is administered online to facilitate the process for candidates who can take this test at their convenience.<\/li>\n<\/ul>\n<p>[\/vc_column_text][\/vc_column_inner][\/vc_row_inner][\/vc_column][\/vc_row]<\/p>\n<\/div>","protected":false},"excerpt":{"rendered":"<p>[vc_row type=&#8221;in_grid&#8221; el_class=&#8221;for_partie1&#8243;][vc_column][vc_column_text] \u00c9cole de langues La Cit\u00e9 has been offering language training in both of Canada\u2019s official languages for 40 years. We provide language training to employees of federal and provincial governments, Crown corporations and private companies. [\/vc_column_text][vc_row_inner type=&#8221;full_width&#8221;][vc_column_inner el_class=&#8221;pLeft&#8221; width=&#8221;1\/2&#8243;][vc_column_text]With the dual objective of improving personal skills and obtaining or renewing a language [&hellip;]<\/p>\n","protected":false},"author":1,"featured_media":0,"parent":0,"menu_order":0,"comment_status":"closed","ping_status":"closed","template":"","meta":{"footnotes":""},"class_list":["post-339","page","type-page","status-publish","hentry"],"yoast_head":"<!-- This site is optimized with the Yoast SEO plugin v27.2 - https:\/\/yoast.com\/product\/yoast-seo-wordpress\/ -->\n<title>Training - \u00c9cole de langues La Cit\u00e9<\/title>\n<meta name=\"robots\" content=\"index, follow, max-snippet:-1, max-image-preview:large, max-video-preview:-1\" \/>\n<link rel=\"canonical\" href=\"https:\/\/ecolelacite.com\/en\/training\/\" \/>\n<meta property=\"og:locale\" content=\"en_US\" \/>\n<meta property=\"og:type\" content=\"article\" \/>\n<meta property=\"og:title\" content=\"Training - \u00c9cole de langues La Cit\u00e9\" \/>\n<meta property=\"og:description\" content=\"[vc_row type=&#8221;in_grid&#8221; el_class=&#8221;for_partie1&#8243;][vc_column][vc_column_text] \u00c9cole de langues La Cit\u00e9 has been offering language training in both of Canada\u2019s official languages for 40 years. We provide language training to employees of federal and provincial governments, Crown corporations and private companies. [\/vc_column_text][vc_row_inner type=&#8221;full_width&#8221;][vc_column_inner el_class=&#8221;pLeft&#8221; width=&#8221;1\/2&#8243;][vc_column_text]With the dual objective of improving personal skills and obtaining or renewing a language [&hellip;]\" \/>\n<meta property=\"og:url\" content=\"https:\/\/ecolelacite.com\/en\/training\/\" \/>\n<meta property=\"og:site_name\" content=\"\u00c9cole de langues La Cit\u00e9\" \/>\n<meta property=\"article:publisher\" content=\"https:\/\/www.facebook.com\/ecoledelangueslacite\" \/>\n<meta property=\"article:modified_time\" content=\"2021-05-04T18:43:42+00:00\" \/>\n<meta property=\"og:image\" content=\"https:\/\/ecolelacite.com\/wp-content\/uploads\/2021\/05\/social.png\" \/>\n\t<meta property=\"og:image:width\" content=\"600\" \/>\n\t<meta property=\"og:image:height\" content=\"600\" \/>\n\t<meta property=\"og:image:type\" content=\"image\/png\" \/>\n<meta name=\"twitter:card\" content=\"summary_large_image\" \/>\n<meta name=\"twitter:label1\" content=\"Est. reading time\" \/>\n\t<meta name=\"twitter:data1\" content=\"3 minutes\" \/>\n<script type=\"application\/ld+json\" class=\"yoast-schema-graph\">{\"@context\":\"https:\/\/schema.org\",\"@graph\":[{\"@type\":\"WebPage\",\"@id\":\"https:\/\/ecolelacite.com\/en\/training\/\",\"url\":\"https:\/\/ecolelacite.com\/en\/training\/\",\"name\":\"Training - \u00c9cole de langues La Cit\u00e9\",\"isPartOf\":{\"@id\":\"https:\/\/ecolelacite.com\/en\/#website\"},\"datePublished\":\"2021-03-01T18:45:08+00:00\",\"dateModified\":\"2021-05-04T18:43:42+00:00\",\"breadcrumb\":{\"@id\":\"https:\/\/ecolelacite.com\/en\/training\/#breadcrumb\"},\"inLanguage\":\"en-US\",\"potentialAction\":[{\"@type\":\"ReadAction\",\"target\":[\"https:\/\/ecolelacite.com\/en\/training\/\"]}]},{\"@type\":\"BreadcrumbList\",\"@id\":\"https:\/\/ecolelacite.com\/en\/training\/#breadcrumb\",\"itemListElement\":[{\"@type\":\"ListItem\",\"position\":1,\"name\":\"Accueil\",\"item\":\"https:\/\/ecolelacite.com\/en\/\"},{\"@type\":\"ListItem\",\"position\":2,\"name\":\"Training\"}]},{\"@type\":\"WebSite\",\"@id\":\"https:\/\/ecolelacite.com\/en\/#website\",\"url\":\"https:\/\/ecolelacite.com\/en\/\",\"name\":\"\u00c9cole de langues La Cit\u00e9\",\"description\":\"\",\"potentialAction\":[{\"@type\":\"SearchAction\",\"target\":{\"@type\":\"EntryPoint\",\"urlTemplate\":\"https:\/\/ecolelacite.com\/en\/?s={search_term_string}\"},\"query-input\":{\"@type\":\"PropertyValueSpecification\",\"valueRequired\":true,\"valueName\":\"search_term_string\"}}],\"inLanguage\":\"en-US\"}]}<\/script>\n<!-- \/ Yoast SEO plugin. -->","yoast_head_json":{"title":"Training - \u00c9cole de langues La Cit\u00e9","robots":{"index":"index","follow":"follow","max-snippet":"max-snippet:-1","max-image-preview":"max-image-preview:large","max-video-preview":"max-video-preview:-1"},"canonical":"https:\/\/ecolelacite.com\/en\/training\/","og_locale":"en_US","og_type":"article","og_title":"Training - \u00c9cole de langues La Cit\u00e9","og_description":"[vc_row type=&#8221;in_grid&#8221; el_class=&#8221;for_partie1&#8243;][vc_column][vc_column_text] \u00c9cole de langues La Cit\u00e9 has been offering language training in both of Canada\u2019s official languages for 40 years. We provide language training to employees of federal and provincial governments, Crown corporations and private companies. [\/vc_column_text][vc_row_inner type=&#8221;full_width&#8221;][vc_column_inner el_class=&#8221;pLeft&#8221; width=&#8221;1\/2&#8243;][vc_column_text]With the dual objective of improving personal skills and obtaining or renewing a language [&hellip;]","og_url":"https:\/\/ecolelacite.com\/en\/training\/","og_site_name":"\u00c9cole de langues La Cit\u00e9","article_publisher":"https:\/\/www.facebook.com\/ecoledelangueslacite","article_modified_time":"2021-05-04T18:43:42+00:00","og_image":[{"width":600,"height":600,"url":"https:\/\/ecolelacite.com\/wp-content\/uploads\/2021\/05\/social.png","type":"image\/png"}],"twitter_card":"summary_large_image","twitter_misc":{"Est. reading time":"3 minutes"},"schema":{"@context":"https:\/\/schema.org","@graph":[{"@type":"WebPage","@id":"https:\/\/ecolelacite.com\/en\/training\/","url":"https:\/\/ecolelacite.com\/en\/training\/","name":"Training - \u00c9cole de langues La Cit\u00e9","isPartOf":{"@id":"https:\/\/ecolelacite.com\/en\/#website"},"datePublished":"2021-03-01T18:45:08+00:00","dateModified":"2021-05-04T18:43:42+00:00","breadcrumb":{"@id":"https:\/\/ecolelacite.com\/en\/training\/#breadcrumb"},"inLanguage":"en-US","potentialAction":[{"@type":"ReadAction","target":["https:\/\/ecolelacite.com\/en\/training\/"]}]},{"@type":"BreadcrumbList","@id":"https:\/\/ecolelacite.com\/en\/training\/#breadcrumb","itemListElement":[{"@type":"ListItem","position":1,"name":"Accueil","item":"https:\/\/ecolelacite.com\/en\/"},{"@type":"ListItem","position":2,"name":"Training"}]},{"@type":"WebSite","@id":"https:\/\/ecolelacite.com\/en\/#website","url":"https:\/\/ecolelacite.com\/en\/","name":"\u00c9cole de langues La Cit\u00e9","description":"","potentialAction":[{"@type":"SearchAction","target":{"@type":"EntryPoint","urlTemplate":"https:\/\/ecolelacite.com\/en\/?s={search_term_string}"},"query-input":{"@type":"PropertyValueSpecification","valueRequired":true,"valueName":"search_term_string"}}],"inLanguage":"en-US"}]}},"_links":{"self":[{"href":"https:\/\/ecolelacite.com\/en\/wp-json\/wp\/v2\/pages\/339","targetHints":{"allow":["GET"]}}],"collection":[{"href":"https:\/\/ecolelacite.com\/en\/wp-json\/wp\/v2\/pages"}],"about":[{"href":"https:\/\/ecolelacite.com\/en\/wp-json\/wp\/v2\/types\/page"}],"author":[{"embeddable":true,"href":"https:\/\/ecolelacite.com\/en\/wp-json\/wp\/v2\/users\/1"}],"replies":[{"embeddable":true,"href":"https:\/\/ecolelacite.com\/en\/wp-json\/wp\/v2\/comments?post=339"}],"version-history":[{"count":12,"href":"https:\/\/ecolelacite.com\/en\/wp-json\/wp\/v2\/pages\/339\/revisions"}],"predecessor-version":[{"id":429,"href":"https:\/\/ecolelacite.com\/en\/wp-json\/wp\/v2\/pages\/339\/revisions\/429"}],"wp:attachment":[{"href":"https:\/\/ecolelacite.com\/en\/wp-json\/wp\/v2\/media?parent=339"}],"curies":[{"name":"wp","href":"https:\/\/api.w.org\/{rel}","templated":true}]}}